{"id":2573,"date":"2020-10-29T12:54:48","date_gmt":"2020-10-29T17:54:48","guid":{"rendered":"https:\/\/www.lopezjames.com\/?page_id=2573"},"modified":"2022-02-09T14:28:24","modified_gmt":"2022-02-09T19:28:24","slug":"contact-us","status":"publish","type":"page","link":"https:\/\/www.lopezjames.com\/es\/contact-us\/","title":{"rendered":"Cont\u00e1ctenos"},"content":{"rendered":"<p>[vc_row full_width=&#8221;stretch_row&#8221; apress_enable_row_overlay=&#8221;&#8221; bg_type=&#8221;image&#8221; parallax_style=&#8221;vcpb-animated&#8221; bg_image_new=&#8221;id^2274|url^https:\/\/www.lopezjames.com\/wp-content\/uploads\/2020\/10\/header-07.jpg|caption^null|alt^null|title^header-07|description^null&#8221; enable_overlay=&#8221;enable_overlay_value&#8221; overlay_color=&#8221;rgba(0,0,0,0.3)&#8221; css=&#8221;.vc_custom_1603990398760{margin-top: 0px !important;border-top-width: 0px !important;padding-top: 0px !important;}&#8221;][vc_column width=&#8221;1\/6&#8243;][\/vc_column][vc_column width=&#8221;2\/3&#8243;]<div class=\"apress-spacer spacer-69fb168da8a9f\" data-id=\"69fb168da8a9f\" data-height=\"200\" data-height-mobile=\"60\" data-height-tab=\"120\" data-height-tab-portrait=\"100\" data-height-mobile-landscape=\"60\" style=\"clear:both;display:block;\"><\/div>[apress_heading sub_title=&#8221;&#8221; content_alignment=&#8221;right&#8221; delimiter_line_height=&#8221;4&#8243; delimiter_line_width=&#8221;100&#8243; color_scheme=&#8221;design_your_own&#8221; main_heading_color=&#8221;#ffffff&#8221; title_google_fonts=&#8221;yes&#8221; style=&#8221;heading_style1&#8243; title_font_options=&#8221;tag:h2|font_size:50|line_height:55&#8243; subtitle_font_options=&#8221;tag:div&#8221; title_custom_fonts=&#8221;font_family:Fira%20Sans%3A300%2C300italic%2C400%2C400italic%2C500%2C500italic%2C700%2C700italic|font_style:700%20bold%20regular%3A700%3Anormal&#8221; delimiter_line_color=&#8221;#f18700&#8243;]Cont\u00e1ctenos[\/apress_heading]<div class=\"apress-spacer spacer-69fb168da8adc\" data-id=\"69fb168da8adc\" data-height=\"60\" data-height-mobile=\"30\" data-height-tab=\"40\" data-height-tab-portrait=\"40\" data-height-mobile-landscape=\"30\" style=\"clear:both;display:block;\"><\/div>[\/vc_column][vc_column width=&#8221;1\/6&#8243;][\/vc_column][\/vc_row][vc_row css_animation=&#8221;fadeInUp&#8221; css=&#8221;.vc_custom_1604020327872{margin-right: 0px !important;margin-left: 0px !important;padding-top: 40px !important;padding-right: 0px !important;padding-bottom: 40px !important;padding-left: 0px !important;}&#8221; el_class=&#8221;fila_contacto_contacto&#8221;][vc_column width=&#8221;1\/6&#8243;][\/vc_column][vc_column width=&#8221;2\/3&#8243;][vc_row_inner content_placement=&#8221;top&#8221;][vc_column_inner width=&#8221;1\/6&#8243; css=&#8221;.vc_custom_1603476810865{padding-top: 35px !important;}&#8221;][\/vc_column_inner][vc_column_inner width=&#8221;1\/2&#8243; css=&#8221;.vc_custom_1603990480380{margin-top: 0px !important;border-left-width: 30px !important;padding-top: 0px !important;}&#8221;][vc_column_text]Si est\u00e1 interesado en recibir informaci\u00f3n sobre nuestros servicios profesionales o desea unirse a nuestro equipo, cont\u00e1ctenos.[\/vc_column_text][contact-form-7 id=&#8221;2415&#8243;][apress_heading sub_title=&#8221;&#8221; enable_delimiter=&#8221;&#8221; color_scheme=&#8221;design_your_own&#8221; main_heading_color=&#8221;#a5a5a5&#8243; style=&#8221;heading_style2&#8243; title_font_options=&#8221;tag:p&#8221; subtitle_font_options=&#8221;tag:p|font_size:18|color:%23a5a5a5&#8243;]<\/p>\n<p style=\"text-align: center;\">Si desea conocer m\u00e1s sobre nosotros, por favor escr\u00edbanos a:<br \/>\n<a href=\"mailto:contact@lopezjames.com\" target=\"_blank\" rel=\"noopener noreferrer\"><span style=\"color: #f18700;\">contact@lopezjames.com<\/span><\/a><\/p>\n<p>[\/apress_heading][\/vc_column_inner][vc_column_inner width=&#8221;1\/3&#8243; css=&#8221;.vc_custom_1603516581468{padding-top: 0px !important;padding-left: 100px !important;}&#8221;][apress_gradient_icon_box icon_alignment=&#8221;top_left&#8221; description=&#8221;&#8221; box_bg_color=&#8221;#f18700&#8243; icon_family=&#8221;fontawesome&#8221; icon_fontawesome=&#8221;fab fa-accessible-icon&#8221; gradient_icon_size=&#8221;0&#8243; style=&#8221;iconbox_style7&#8243; title_font_options=&#8221;tag:p|color:%23ffffff&#8221;]L\u00f3pez &amp; James es una firma de servicios profesionales que ofrece una combinaci\u00f3n \u00fanica de asesor\u00eda legal, contable y tributaria, junto con soporte comercial y servicios de outsourcing, para permitirle lanzar o expandir la presencia de su empresa en Am\u00e9rica Latina.<\/p>\n<p>Nuestro prop\u00f3sito es ofrecer est\u00e1ndares internacionales de asesoramiento a las empresas que buscan un equipo flexible e innovador que se alinee con el \u00e9xito de su negocio.<\/p>\n<p>Desde nuestra red de oficinas en la regi\u00f3n, trabajamos con corporaciones, fondos de inversi\u00f3n, as\u00ed como con inversionistas individuales y ejecutivos que buscan establecer o hacer crecer sus operaciones de manera r\u00e1pida y efectiva en el mercado latinoamericano.<br \/>\n[\/apress_gradient_icon_box][\/vc_column_inner][\/vc_row_inner][\/vc_column][vc_column width=&#8221;1\/6&#8243;][\/vc_column][\/vc_row]<\/p>\n","protected":false},"excerpt":{"rendered":"<p>[vc_row full_width=&#8221;stretch_row&#8221; apress_enable_row_overlay=&#8221;&#8221; bg_type=&#8221;image&#8221; parallax_style=&#8221;vcpb-animated&#8221; bg_image_new=&#8221;id^2274|url^https:\/\/www.lopezjames.com\/wp-content\/uploads\/2020\/10\/header-07.jpg|caption^null|alt^null|title^header-07|description^null&#8221; enable_overlay=&#8221;enable_overlay_value&#8221; overlay_color=&#8221;rgba(0,0,0,0.3)&#8221; css=&#8221;.vc_custom_1603990398760{margin-top: 0px !important;border-top-width: 0px !important;padding-top: 0px !important;}&#8221;][vc_column width=&#8221;1\/6&#8243;][\/vc_column][vc_column width=&#8221;2\/3&#8243;][apress_heading sub_title=&#8221;&#8221; content_alignment=&#8221;right&#8221; delimiter_line_height=&#8221;4&#8243; delimiter_line_width=&#8221;100&#8243; color_scheme=&#8221;design_your_own&#8221; main_heading_color=&#8221;#ffffff&#8221; title_google_fonts=&#8221;yes&#8221; style=&#8221;heading_style1&#8243; title_font_options=&#8221;tag:h2|font_size:50|line_height:55&#8243; subtitle_font_options=&#8221;tag:div&#8221; title_custom_fonts=&#8221;font_family:Fira%20Sans%3A300%2C300italic%2C400%2C400italic%2C500%2C500italic%2C700%2C700italic|font_style:700%20bold%20regular%3A700%3Anormal&#8221; delimiter_line_color=&#8221;#f18700&#8243;]Cont\u00e1ctenos[\/apress_heading][\/vc_column][vc_column width=&#8221;1\/6&#8243;][\/vc_column][\/vc_row][vc_row css_animation=&#8221;fadeInUp&#8221; css=&#8221;.vc_custom_1604020327872{margin-right: 0px !important;margin-left: 0px !important;padding-top: 40px !important;padding-right: 0px !important;padding-bottom:<span class=\"read_more_area\"><a class=\"read-more\" href=\"https:\/\/www.lopezjames.com\/es\/contact-us\/\"> Continue Reading <\/a><\/span><\/p>\n","protected":false},"author":2,"featured_media":0,"parent":0,"menu_order":0,"comment_status":"closed","ping_status":"closed","template":"","meta":{"footnotes":""},"translation":{"provider":"WPGlobus","version":"3.0.2","language":"es","enabled_languages":["en","es"],"languages":{"en":{"title":true,"content":true,"excerpt":false},"es":{"title":true,"content":true,"excerpt":false}}},"_links":{"self":[{"href":"https:\/\/www.lopezjames.com\/es\/wp-json\/wp\/v2\/pages\/2573"}],"collection":[{"href":"https:\/\/www.lopezjames.com\/es\/wp-json\/wp\/v2\/pages"}],"about":[{"href":"https:\/\/www.lopezjames.com\/es\/wp-json\/wp\/v2\/types\/page"}],"author":[{"embeddable":true,"href":"https:\/\/www.lopezjames.com\/es\/wp-json\/wp\/v2\/users\/2"}],"replies":[{"embeddable":true,"href":"https:\/\/www.lopezjames.com\/es\/wp-json\/wp\/v2\/comments?post=2573"}],"version-history":[{"count":30,"href":"https:\/\/www.lopezjames.com\/es\/wp-json\/wp\/v2\/pages\/2573\/revisions"}],"predecessor-version":[{"id":3116,"href":"https:\/\/www.lopezjames.com\/es\/wp-json\/wp\/v2\/pages\/2573\/revisions\/3116"}],"wp:attachment":[{"href":"https:\/\/www.lopezjames.com\/es\/wp-json\/wp\/v2\/media?parent=2573"}],"curies":[{"name":"wp","href":"https:\/\/api.w.org\/{rel}","templated":true}]}}