{"id":2175,"date":"2020-10-23T00:08:49","date_gmt":"2020-10-23T05:08:49","guid":{"rendered":"https:\/\/www.lopezjames.com\/?page_id=2175"},"modified":"2022-02-09T15:15:40","modified_gmt":"2022-02-09T20:15:40","slug":"team","status":"publish","type":"page","link":"https:\/\/www.lopezjames.com\/es\/team\/","title":{"rendered":"Equipo"},"content":{"rendered":"<p>[vc_row full_width=&#8221;stretch_row&#8221; apress_enable_row_overlay=&#8221;&#8221; bg_type=&#8221;image&#8221; parallax_style=&#8221;vcpb-animated&#8221; bg_image_new=&#8221;id^2290|url^https:\/\/www.lopezjames.com\/wp-content\/uploads\/2020\/10\/header-9.jpg|caption^null|alt^null|title^header-9|description^null&#8221; animation_repeat=&#8221;repeat-x&#8221; enable_overlay=&#8221;enable_overlay_value&#8221; overlay_color=&#8221;rgba(0,0,0,0.2)&#8221; css=&#8221;.vc_custom_1603423820715{margin-top: 0px !important;border-top-width: 0px !important;padding-top: 0px !important;}&#8221;][vc_column width=&#8221;1\/6&#8243;][\/vc_column][vc_column width=&#8221;2\/3&#8243;]<div class=\"apress-spacer spacer-69fb1792a3c7f\" data-id=\"69fb1792a3c7f\" data-height=\"200\" data-height-mobile=\"60\" data-height-tab=\"120\" data-height-tab-portrait=\"100\" data-height-mobile-landscape=\"60\" style=\"clear:both;display:block;\"><\/div>[apress_heading sub_title=&#8221;&#8221; content_alignment=&#8221;right&#8221; delimiter_line_height=&#8221;4&#8243; delimiter_line_width=&#8221;100&#8243; color_scheme=&#8221;design_your_own&#8221; main_heading_color=&#8221;#ffffff&#8221; title_google_fonts=&#8221;yes&#8221; style=&#8221;heading_style1&#8243; title_font_options=&#8221;tag:h2|font_size:50|line_height:55&#8243; subtitle_font_options=&#8221;tag:div&#8221; title_custom_fonts=&#8221;font_family:Fira%20Sans%3A300%2C300italic%2C400%2C400italic%2C500%2C500italic%2C700%2C700italic|font_style:700%20bold%20regular%3A700%3Anormal&#8221; delimiter_line_color=&#8221;#f18700&#8243;]Nuestro Equipo[\/apress_heading]<div class=\"apress-spacer spacer-69fb1792a3cbb\" data-id=\"69fb1792a3cbb\" data-height=\"60\" data-height-mobile=\"30\" data-height-tab=\"40\" data-height-tab-portrait=\"40\" data-height-mobile-landscape=\"30\" style=\"clear:both;display:block;\"><\/div>[\/vc_column][vc_column width=&#8221;1\/6&#8243;][\/vc_column][\/vc_row][vc_row css=&#8221;.vc_custom_1596152597241{padding-top: 60px !important;padding-bottom: 40px !important;}&#8221;][vc_column width=&#8221;1\/6&#8243;][\/vc_column][vc_column width=&#8221;1\/6&#8243;][vc_single_image image=&#8221;2062&#8243; img_size=&#8221;full&#8221; alignment=&#8221;center&#8221; css_animation=&#8221;slideInLeft&#8221;][\/vc_column][vc_column width=&#8221;1\/6&#8243;][\/vc_column][vc_column width=&#8221;2\/6&#8243;][vc_column_text css_animation=&#8221;slideInRight&#8221;]Nuestro equipo de profesionales brinda est\u00e1ndares internacionales de asesoramiento empresarial a empresas, fondos de capital privado e inversores privados. Gran parte de nuestro equipo recibi\u00f3 capacitaci\u00f3n y pr\u00e1ctica en las principales firmas internacionales de servicios profesionales, incluidas las firmas de abogados de \u00e9lite global y las pr\u00e1cticas fiscales y contables de los \u201c4 grandes\u201d. Tienen experiencia en sectores industriales clave y han trabajado con empresas y bancos internacionales l\u00edderes en mercados en desarrollo.<\/p>\n<p>Juntos, nuestros profesionales trabajan en colaboraci\u00f3n con sus equipos para proporcionar el asesoramiento integral y actualizado que necesita para activar una exitosa estrategia de expansi\u00f3n comercial internacional.<\/p>\n<p>Nuestra red de profesionales se expande a m\u00e1s de 400 personas en todo el mundo en m\u00e1s de 25 pa\u00edses.[\/vc_column_text][vc_row_inner disable_element=&#8221;yes&#8221;][vc_column_inner][apress_heading sub_title=&#8221;Fernando MERCH\u00c1N&#8221; data_animation=&#8221;slideInUp&#8221; delimiter_line_height=&#8221;2&#8243; delimiter_line_width=&#8221;40&#8243; color_scheme=&#8221;design_your_own&#8221; main_heading_color=&#8221;#747474&#8243; style=&#8221;heading_style14&#8243; title_font_options=&#8221;tag:p|font_size:18&#8243; subtitle_font_options=&#8221;tag:h2|font_size:28|color:%23f18700|letter_spacing:1&#8243; heading_margin=&#8221;margin-bottom:40&#8243;]MBA, Abogado Senior \/ Socio Director<br \/>\n<a href=\"mailto:fmerchan@lopezjames.com\">fmerchan@lopezjames.com<\/a>[\/apress_heading][apress_heading sub_title=&#8221;Rafael MERCH\u00c1N&#8221; data_animation=&#8221;slideInUp&#8221; delimiter_line_height=&#8221;2&#8243; delimiter_line_width=&#8221;40&#8243; color_scheme=&#8221;design_your_own&#8221; main_heading_color=&#8221;#747474&#8243; style=&#8221;heading_style14&#8243; title_font_options=&#8221;tag:p|font_size:18&#8243; subtitle_font_options=&#8221;tag:h2|font_size:28|color:%23f18700|letter_spacing:1&#8243; heading_margin=&#8221;margin-bottom:40&#8243;]Gerente Financiero<br \/>\n<a href=\"mailto:merchanrafa@lopezjames.com\" target=\"_blank\" rel=\"noopener noreferrer\">merchanrafa@lopezjames.com<\/a>[\/apress_heading][apress_heading sub_title=&#8221;Camilo LUNA&#8221; data_animation=&#8221;slideInUp&#8221; delimiter_line_height=&#8221;2&#8243; delimiter_line_width=&#8221;40&#8243; color_scheme=&#8221;design_your_own&#8221; main_heading_color=&#8221;#747474&#8243; style=&#8221;heading_style14&#8243; title_font_options=&#8221;tag:p|font_size:18&#8243; subtitle_font_options=&#8221;tag:h2|font_size:28|color:%23f18700|letter_spacing:1&#8243; heading_margin=&#8221;margin-bottom:40&#8243;]Abogado Senior<br \/>\n<a href=\"mailto:cluna@lopezjames.com\" target=\"_blank\" rel=\"noopener noreferrer\">cluna@lopezjames.com<\/a>[\/apress_heading][apress_heading sub_title=&#8221;Graham SMITH&#8221; data_animation=&#8221;slideInUp&#8221; delimiter_line_height=&#8221;2&#8243; delimiter_line_width=&#8221;40&#8243; color_scheme=&#8221;design_your_own&#8221; main_heading_color=&#8221;#747474&#8243; style=&#8221;heading_style14&#8243; title_font_options=&#8221;tag:p|font_size:18&#8243; subtitle_font_options=&#8221;tag:h2|font_size:28|color:%23f18700|letter_spacing:1&#8243; heading_margin=&#8221;margin-bottom:40&#8243;]Especialista en crecimiento global<br \/>\n<a href=\"mailto:gsmith@lopezjames.com\" target=\"_blank\" rel=\"noopener noreferrer\">gsmith@lopezjames.com<\/a>[\/apress_heading][apress_heading sub_title=&#8221;Angela MORALES&#8221; data_animation=&#8221;slideInUp&#8221; delimiter_line_height=&#8221;2&#8243; delimiter_line_width=&#8221;40&#8243; color_scheme=&#8221;design_your_own&#8221; main_heading_color=&#8221;#747474&#8243; style=&#8221;heading_style14&#8243; title_font_options=&#8221;tag:p|font_size:18&#8243; subtitle_font_options=&#8221;tag:h2|font_size:28|color:%23f18700|letter_spacing:1&#8243; heading_margin=&#8221;margin-bottom:40&#8243;]Directora Administrativa<br \/>\n<a href=\"mailto:amorales@lopezjames.com\" target=\"_blank\" rel=\"noopener noreferrer\">amorales@lopezjames.com<\/a>[\/apress_heading][apress_heading sub_title=&#8221;Diana ALEM\u00c1N&#8221; data_animation=&#8221;slideInUp&#8221; delimiter_line_height=&#8221;2&#8243; delimiter_line_width=&#8221;40&#8243; color_scheme=&#8221;design_your_own&#8221; main_heading_color=&#8221;#747474&#8243; style=&#8221;heading_style14&#8243; title_font_options=&#8221;tag:p|font_size:18&#8243; subtitle_font_options=&#8221;tag:h2|font_size:28|color:%23f18700|letter_spacing:1&#8243; heading_margin=&#8221;margin-bottom:40&#8243;]Asociada de Desarrollo de Negocios<br \/>\n<a href=\"mailto:daleman@lopezjames.com\" target=\"_blank\" rel=\"noopener noreferrer\">daleman@lopezjames.com<\/a>[\/apress_heading][apress_heading sub_title=&#8221;Daniela \u00c1LVAREZ&#8221; data_animation=&#8221;slideInUp&#8221; delimiter_line_height=&#8221;2&#8243; delimiter_line_width=&#8221;40&#8243; color_scheme=&#8221;design_your_own&#8221; main_heading_color=&#8221;#747474&#8243; style=&#8221;heading_style14&#8243; title_font_options=&#8221;tag:p|font_size:18&#8243; subtitle_font_options=&#8221;tag:h2|font_size:28|color:%23f18700|letter_spacing:1&#8243; heading_margin=&#8221;margin-bottom:40&#8243;]Abogado<br \/>\n<a href=\"mailto:dalvarez@lopezjames.com\" target=\"_blank\" rel=\"noopener noreferrer\">dalvarez@lopezjames.com<\/a>[\/apress_heading][apress_heading sub_title=&#8221;Carlos M\u00c9NDEZ&#8221; data_animation=&#8221;slideInUp&#8221; delimiter_line_height=&#8221;2&#8243; delimiter_line_width=&#8221;40&#8243; color_scheme=&#8221;design_your_own&#8221; main_heading_color=&#8221;#747474&#8243; style=&#8221;heading_style14&#8243; title_font_options=&#8221;tag:p|font_size:18&#8243; subtitle_font_options=&#8221;tag:h2|font_size:28|color:%23f18700|letter_spacing:1&#8243; heading_margin=&#8221;margin-bottom:40&#8243;]Abogado<br \/>\n<a href=\"mailto:cmendez@lopezjames.com\" target=\"_blank\" rel=\"noopener noreferrer\">cmendez@lopezjames.com<\/a>[\/apress_heading][apress_heading sub_title=&#8221;Guillermo S\u00c1NCHEZ&#8221; data_animation=&#8221;slideInUp&#8221; delimiter_line_height=&#8221;2&#8243; delimiter_line_width=&#8221;40&#8243; color_scheme=&#8221;design_your_own&#8221; main_heading_color=&#8221;#747474&#8243; style=&#8221;heading_style14&#8243; title_font_options=&#8221;tag:p|font_size:18&#8243; subtitle_font_options=&#8221;tag:h2|font_size:28|color:%23f18700|letter_spacing:1&#8243; heading_margin=&#8221;margin-bottom:40&#8243;]Abogado<br \/>\n<a href=\"mailto:gsanchez@lopezjames.com\" target=\"_blank\" rel=\"noopener noreferrer\">gsanchez@lopezjames.com<\/a>[\/apress_heading][apress_heading sub_title=&#8221;Johana RODR\u00cdGUEZ&#8221; data_animation=&#8221;slideInUp&#8221; delimiter_line_height=&#8221;2&#8243; delimiter_line_width=&#8221;40&#8243; color_scheme=&#8221;design_your_own&#8221; main_heading_color=&#8221;#747474&#8243; style=&#8221;heading_style14&#8243; title_font_options=&#8221;tag:p|font_size:18&#8243; subtitle_font_options=&#8221;tag:h2|font_size:28|color:%23f18700|letter_spacing:1&#8243; heading_margin=&#8221;margin-bottom:40&#8243;]Contadora<br \/>\n<a href=\"mailto:jrodriguez@lopezjames.com\" target=\"_blank\" rel=\"noopener noreferrer\">jrodriguez@lopezjames.com<\/a>[\/apress_heading][apress_heading sub_title=&#8221;Manuel RIOS&#8221; data_animation=&#8221;slideInUp&#8221; delimiter_line_height=&#8221;2&#8243; delimiter_line_width=&#8221;40&#8243; color_scheme=&#8221;design_your_own&#8221; main_heading_color=&#8221;#747474&#8243; style=&#8221;heading_style14&#8243; title_font_options=&#8221;tag:p|font_size:18&#8243; subtitle_font_options=&#8221;tag:h2|font_size:28|color:%23f18700|letter_spacing:1&#8243; heading_margin=&#8221;margin-bottom:40&#8243;]Asistente Administrativo<br \/>\n<a href=\"mailto:mrios@lopezjames.com\" target=\"_blank\" rel=\"noopener noreferrer\">mrios@lopezjames.com<\/a>[\/apress_heading][apress_heading sub_title=&#8221;Diego RAM\u00cdREZ&#8221; data_animation=&#8221;slideInUp&#8221; delimiter_line_height=&#8221;2&#8243; delimiter_line_width=&#8221;40&#8243; color_scheme=&#8221;design_your_own&#8221; main_heading_color=&#8221;#747474&#8243; style=&#8221;heading_style14&#8243; title_font_options=&#8221;tag:p|font_size:18&#8243; subtitle_font_options=&#8221;tag:h2|font_size:28|color:%23f18700|letter_spacing:1&#8243; heading_margin=&#8221;margin-bottom:40&#8243;]Asistente Administrativo Per\u00fa<br \/>\n<a href=\"mailto:dramirez@lopezjames.com\" target=\"_blank\" rel=\"noopener noreferrer\">dramirez@lopezjames.com<\/a>[\/apress_heading][apress_heading sub_title=&#8221;Brenda S\u00c1NCHEZ&#8221; data_animation=&#8221;slideInUp&#8221; delimiter_line_height=&#8221;2&#8243; delimiter_line_width=&#8221;40&#8243; color_scheme=&#8221;design_your_own&#8221; main_heading_color=&#8221;#747474&#8243; style=&#8221;heading_style14&#8243; title_font_options=&#8221;tag:p|font_size:18&#8243; subtitle_font_options=&#8221;tag:h2|font_size:28|color:%23f18700|letter_spacing:1&#8243; heading_margin=&#8221;margin-bottom:40&#8243;]Auxiliar Administrativa<br \/>\n<a href=\"mailto:bsanchez@lopezjames.com\" target=\"_blank\" rel=\"noopener noreferrer\">bsanchez@lopezjames.com<\/a>[\/apress_heading][apress_heading sub_title=&#8221;Cesar RODR\u00cdGUEZ&#8221; data_animation=&#8221;slideInUp&#8221; delimiter_line_height=&#8221;2&#8243; delimiter_line_width=&#8221;40&#8243; color_scheme=&#8221;design_your_own&#8221; main_heading_color=&#8221;#747474&#8243; style=&#8221;heading_style14&#8243; title_font_options=&#8221;tag:p|font_size:18&#8243; subtitle_font_options=&#8221;tag:h2|font_size:28|color:%23f18700|letter_spacing:1&#8243; heading_margin=&#8221;margin-bottom:40&#8243;]Auxiliar Contable<br \/>\n<a href=\"mailto:crodriguez@lopezjames.com\" target=\"_blank\" rel=\"noopener noreferrer\">crodriguez@lopezjames.com<\/a>[\/apress_heading][apress_heading sub_title=&#8221;Natalia MORENO&#8221; data_animation=&#8221;slideInUp&#8221; delimiter_line_height=&#8221;2&#8243; delimiter_line_width=&#8221;40&#8243; color_scheme=&#8221;design_your_own&#8221; main_heading_color=&#8221;#747474&#8243; style=&#8221;heading_style14&#8243; title_font_options=&#8221;tag:p|font_size:18&#8243; subtitle_font_options=&#8221;tag:h2|font_size:28|color:%23f18700|letter_spacing:1&#8243; heading_margin=&#8221;margin-bottom:40&#8243;]Abogada Fusiones y Adquisiciones<br \/>\n<a href=\"mailto:nmoreno@lopezjames.com\" target=\"_blank\" rel=\"noopener noreferrer\">nmoreno@lopezjames.com<\/a>[\/apress_heading][apress_heading sub_title=&#8221;Oscar ALARC\u00d3N&#8221; data_animation=&#8221;slideInUp&#8221; delimiter_line_height=&#8221;2&#8243; delimiter_line_width=&#8221;40&#8243; color_scheme=&#8221;design_your_own&#8221; main_heading_color=&#8221;#747474&#8243; style=&#8221;heading_style14&#8243; title_font_options=&#8221;tag:p|font_size:18&#8243; subtitle_font_options=&#8221;tag:h2|font_size:28|color:%23f18700|letter_spacing:1&#8243; heading_margin=&#8221;margin-bottom:40&#8243;]Reclutamiento<br \/>\n<a href=\"mailto:recruitment@lopezjames.com\" target=\"_blank\" rel=\"noopener noreferrer\">recruitment@lopezjames.com<\/a>[\/apress_heading][apress_heading sub_title=&#8221;Santiago OSORIO&#8221; data_animation=&#8221;slideInUp&#8221; delimiter_line_height=&#8221;2&#8243; delimiter_line_width=&#8221;40&#8243; color_scheme=&#8221;design_your_own&#8221; main_heading_color=&#8221;#747474&#8243; style=&#8221;heading_style14&#8243; title_font_options=&#8221;tag:p|font_size:18&#8243; subtitle_font_options=&#8221;tag:h2|font_size:28|color:%23f18700|letter_spacing:1&#8243; heading_margin=&#8221;margin-bottom:40&#8243;]Asesor de Mercadeo y Crecimiento<br \/>\n<a href=\"mailto:sosorio@lopezjames.com\" target=\"_blank\" rel=\"noopener noreferrer\">sosorio@lopezjames.com<\/a>[\/apress_heading][\/vc_column_inner][\/vc_row_inner][\/vc_column][vc_column width=&#8221;1\/6&#8243;][\/vc_column][\/vc_row][vc_row el_class=&#8221;hide&#8221;][vc_column width=&#8221;1\/6&#8243;][\/vc_column][vc_column width=&#8221;2\/3&#8243;][apress_heading sub_title=&#8221;&#8221; data_animation=&#8221;slideInUp&#8221; enable_delimiter=&#8221;&#8221; color_scheme=&#8221;design_your_own&#8221; main_heading_color=&#8221;#747474&#8243; style=&#8221;heading_style2&#8243; title_font_options=&#8221;tag:p|font_size:18&#8243; subtitle_font_options=&#8221;tag:p|font_size:18|color:%23a5a5a5|letter_spacing:1&#8243; heading_margin=&#8221;margin-bottom:40&#8243;]Si le interesa trabajar con nosotros, por favor env\u00edenos su hoja de vida a:<br \/>\n<a style=\"color: #ec6e1e;\" href=\"mailto:contact@lopezjames.com\" target=\"_blank\" rel=\"noopener noreferrer\">contact@lopezjames.com<\/a>[\/apress_heading][\/vc_column][vc_column width=&#8221;1\/6&#8243;][\/vc_column][\/vc_row]<\/p>\n","protected":false},"excerpt":{"rendered":"<p>[vc_row full_width=&#8221;stretch_row&#8221; apress_enable_row_overlay=&#8221;&#8221; bg_type=&#8221;image&#8221; parallax_style=&#8221;vcpb-animated&#8221; bg_image_new=&#8221;id^2290|url^https:\/\/www.lopezjames.com\/wp-content\/uploads\/2020\/10\/header-9.jpg|caption^null|alt^null|title^header-9|description^null&#8221; animation_repeat=&#8221;repeat-x&#8221; enable_overlay=&#8221;enable_overlay_value&#8221; overlay_color=&#8221;rgba(0,0,0,0.2)&#8221; css=&#8221;.vc_custom_1603423820715{margin-top: 0px !important;border-top-width: 0px !important;padding-top: 0px !important;}&#8221;][vc_column width=&#8221;1\/6&#8243;][\/vc_column][vc_column width=&#8221;2\/3&#8243;][apress_heading sub_title=&#8221;&#8221; content_alignment=&#8221;right&#8221; delimiter_line_height=&#8221;4&#8243; delimiter_line_width=&#8221;100&#8243; color_scheme=&#8221;design_your_own&#8221; main_heading_color=&#8221;#ffffff&#8221; title_google_fonts=&#8221;yes&#8221; style=&#8221;heading_style1&#8243; title_font_options=&#8221;tag:h2|font_size:50|line_height:55&#8243; subtitle_font_options=&#8221;tag:div&#8221; title_custom_fonts=&#8221;font_family:Fira%20Sans%3A300%2C300italic%2C400%2C400italic%2C500%2C500italic%2C700%2C700italic|font_style:700%20bold%20regular%3A700%3Anormal&#8221; delimiter_line_color=&#8221;#f18700&#8243;]Nuestro Equipo[\/apress_heading][\/vc_column][vc_column width=&#8221;1\/6&#8243;][\/vc_column][\/vc_row][vc_row css=&#8221;.vc_custom_1596152597241{padding-top: 60px !important;padding-bottom: 40px !important;}&#8221;][vc_column width=&#8221;1\/6&#8243;][\/vc_column][vc_column width=&#8221;1\/6&#8243;][vc_single_image image=&#8221;2062&#8243;<span class=\"read_more_area\"><a class=\"read-more\" href=\"https:\/\/www.lopezjames.com\/es\/team\/\"> Continue Reading <\/a><\/span><\/p>\n","protected":false},"author":2,"featured_media":0,"parent":0,"menu_order":0,"comment_status":"closed","ping_status":"closed","template":"","meta":{"footnotes":""},"translation":{"provider":"WPGlobus","version":"3.0.2","language":"es","enabled_languages":["en","es"],"languages":{"en":{"title":true,"content":true,"excerpt":false},"es":{"title":true,"content":true,"excerpt":false}}},"_links":{"self":[{"href":"https:\/\/www.lopezjames.com\/es\/wp-json\/wp\/v2\/pages\/2175"}],"collection":[{"href":"https:\/\/www.lopezjames.com\/es\/wp-json\/wp\/v2\/pages"}],"about":[{"href":"https:\/\/www.lopezjames.com\/es\/wp-json\/wp\/v2\/types\/page"}],"author":[{"embeddable":true,"href":"https:\/\/www.lopezjames.com\/es\/wp-json\/wp\/v2\/users\/2"}],"replies":[{"embeddable":true,"href":"https:\/\/www.lopezjames.com\/es\/wp-json\/wp\/v2\/comments?post=2175"}],"version-history":[{"count":180,"href":"https:\/\/www.lopezjames.com\/es\/wp-json\/wp\/v2\/pages\/2175\/revisions"}],"predecessor-version":[{"id":3132,"href":"https:\/\/www.lopezjames.com\/es\/wp-json\/wp\/v2\/pages\/2175\/revisions\/3132"}],"wp:attachment":[{"href":"https:\/\/www.lopezjames.com\/es\/wp-json\/wp\/v2\/media?parent=2175"}],"curies":[{"name":"wp","href":"https:\/\/api.w.org\/{rel}","templated":true}]}}