{"id":2,"date":"2020-07-29T21:58:47","date_gmt":"2020-07-30T02:58:47","guid":{"rendered":"https:\/\/www.lopezjames.com\/?page_id=2"},"modified":"2022-02-09T14:47:19","modified_gmt":"2022-02-09T19:47:19","slug":"about-us","status":"publish","type":"page","link":"https:\/\/www.lopezjames.com\/es\/about-us\/","title":{"rendered":"Acerca de nosotros"},"content":{"rendered":"<p>[vc_row full_width=&#8221;stretch_row&#8221; apress_enable_row_overlay=&#8221;&#8221; bg_type=&#8221;image&#8221; parallax_style=&#8221;vcpb-animated&#8221; bg_image_new=&#8221;id^2015|url^https:\/\/www.lopezjames.com\/wp-content\/uploads\/2020\/07\/fondo_contactoHome02.jpg|caption^null|alt^null|title^fondo_contactoHome02|description^null&#8221; css=&#8221;.vc_custom_1596146525859{margin-top: 0px !important;border-top-width: 0px !important;padding-top: 0px !important;}&#8221;][vc_column width=&#8221;1\/6&#8243;][\/vc_column][vc_column width=&#8221;2\/3&#8243;]<div class=\"apress-spacer spacer-69fb1620c7387\" data-id=\"69fb1620c7387\" data-height=\"200\" data-height-mobile=\"60\" data-height-tab=\"120\" data-height-tab-portrait=\"100\" data-height-mobile-landscape=\"60\" style=\"clear:both;display:block;\"><\/div>[apress_heading sub_title=&#8221;&#8221; content_alignment=&#8221;right&#8221; delimiter_line_height=&#8221;4&#8243; delimiter_line_width=&#8221;100&#8243; color_scheme=&#8221;design_your_own&#8221; main_heading_color=&#8221;#ffffff&#8221; title_google_fonts=&#8221;yes&#8221; style=&#8221;heading_style1&#8243; title_font_options=&#8221;tag:h2|font_size:50|line_height:55&#8243; subtitle_font_options=&#8221;tag:div&#8221; title_custom_fonts=&#8221;font_family:Fira%20Sans%3A300%2C300italic%2C400%2C400italic%2C500%2C500italic%2C700%2C700italic|font_style:700%20bold%20regular%3A700%3Anormal&#8221; delimiter_line_color=&#8221;#f18700&#8243;]Acerca de nosotros[\/apress_heading]<div class=\"apress-spacer spacer-69fb1620c73ce\" data-id=\"69fb1620c73ce\" data-height=\"60\" data-height-mobile=\"30\" data-height-tab=\"40\" data-height-tab-portrait=\"40\" data-height-mobile-landscape=\"30\" style=\"clear:both;display:block;\"><\/div>[\/vc_column][vc_column width=&#8221;1\/6&#8243;][\/vc_column][\/vc_row][vc_row css=&#8221;.vc_custom_1596152597241{padding-top: 60px !important;padding-bottom: 40px !important;}&#8221;][vc_column width=&#8221;1\/6&#8243;][\/vc_column][vc_column width=&#8221;2\/3&#8243;][vc_row_inner][vc_column_inner width=&#8221;1\/4&#8243;][vc_single_image image=&#8221;2062&#8243; img_size=&#8221;full&#8221; alignment=&#8221;center&#8221; css_animation=&#8221;slideInLeft&#8221;][\/vc_column_inner][vc_column_inner width=&#8221;3\/4&#8243;][vc_column_text css_animation=&#8221;slideInRight&#8221;]L\u00f3pez &amp; James es una firma de servicios profesionales que ofrece una combinaci\u00f3n\u00a0 \u00fanica de servicios legales, contables, tributarios\u00a0 y de tercerizaci\u00f3n de personal, servicios de\u00a0 reclutamiento, entre otros, a empresas que\u00a0 desean invertir y expandir sus operaciones en Am\u00e9rica Latina u otras latitudes.<\/p>\n<p>Nuestro prop\u00f3sito es ofrecer soluciones para cada negocio, sin importar su tama\u00f1o, brindando asesor\u00eda flexible e innovadora, con\u00a0 est\u00e1ndares internacionales que contribuyan al\u00a0 \u00e9xito de las operaciones de nuestros clientes.<\/p>\n<p>Desde nuestra red de oficinas, asesoramos a empresas, fondos de inversi\u00f3n e inversionistas que desean establecer r\u00e1pidamente sus\u00a0 operaciones, principalmente en el mercado latinoamericano o incluso en otros continentes; ya que contamos con un equipo multiling\u00fce en: espa\u00f1ol, ingl\u00e9s, portugu\u00e9s, franc\u00e9s, alem\u00e1n, mandar\u00edn y japon\u00e9s.[\/vc_column_text][\/vc_column_inner][\/vc_row_inner][\/vc_column][vc_column width=&#8221;1\/6&#8243;][\/vc_column][\/vc_row][vc_row row_text_color=&#8221;light&#8221; full_width=&#8221;stretch_row&#8221; bg_type=&#8221;bg_color&#8221; bg_color_value=&#8221;#f0f0f0&#8243; css=&#8221;.vc_custom_1596153638577{padding-top: 40px !important;padding-bottom: 20px !important;}&#8221;][vc_column width=&#8221;1\/6&#8243;][\/vc_column][vc_column width=&#8221;2\/3&#8243;][apress_heading sub_title=&#8221;&#8221; delimiter_line_height=&#8221;2&#8243; delimiter_line_width=&#8221;80&#8243; delimiter_margin=&#8221;margin-top:10|margin-bottom:20&#8243; color_scheme=&#8221;design_your_own&#8221; main_heading_color=&#8221;#f18700&#8243; style=&#8221;heading_style1&#8243; title_font_options=&#8221;tag:h2|font_size:40|line_height:45&#8243; subtitle_font_options=&#8221;tag:div&#8221; delimiter_line_color=&#8221;#f18700&#8243;]Nuestra experiencia[\/apress_heading][vc_row_inner css=&#8221;.vc_custom_1596153571866{padding-top: 40px !important;padding-bottom: 40px !important;}&#8221;][vc_column_inner width=&#8221;1\/6&#8243;][\/vc_column_inner][vc_column_inner width=&#8221;2\/3&#8243;][vc_column_text]Establecida en 2006, tenemos m\u00e1s de 14 a\u00f1os de experiencia como una firma l\u00edder de servicios profesionales que trabaja con algunas de las entidades p\u00fablicas y privadas m\u00e1s importantes de la regi\u00f3n de Am\u00e9rica Latina y otros pa\u00edses.<\/p>\n<p>Como miembro de la red Altios International, activa en 25 pa\u00edses, nuestros equipos de abogados, contadores,\u00a0administradores,\u00a0financieros, legales, contables, tributarios, servicios de reclutamiento y tercerizaci\u00f3n personal, expertos en impuestos y cazatalentos, ofrecen asistencia integral en muchos idiomas, como espa\u00f1ol, ingl\u00e9s, portugu\u00e9s, alem\u00e1n, franc\u00e9s, japon\u00e9s y mandar\u00edn.[\/vc_column_text][\/vc_column_inner][vc_column_inner width=&#8221;1\/6&#8243;][\/vc_column_inner][\/vc_row_inner][\/vc_column][vc_column width=&#8221;1\/6&#8243;][\/vc_column][\/vc_row][vc_row css=&#8221;.vc_custom_1596153192339{padding-top: 60px !important;padding-bottom: 40px !important;}&#8221;][vc_column width=&#8221;1\/6&#8243;][\/vc_column][vc_column width=&#8221;1\/6&#8243;][apress_heading sub_title=&#8221;las que empresas como la suya o individuos como usted escogen a L\u00f3pez &amp; James&#8221; content_alignment=&#8221;right&#8221; delimiter_line_height=&#8221;2&#8243; delimiter_line_width=&#8221;80&#8243; delimiter_margin=&#8221;margin-top:10|margin-bottom:20&#8243; color_scheme=&#8221;design_your_own&#8221; main_heading_color=&#8221;#f18700&#8243; style=&#8221;heading_style5&#8243; title_font_options=&#8221;tag:h2|font_size:40|line_height:45&#8243; subtitle_font_options=&#8221;tag:h4|font_size:28|color:%23a5a5a5|line_height:34&#8243; delimiter_line_color=&#8221;#f18700&#8243;]5 razones por[\/apress_heading][\/vc_column][vc_column width=&#8221;3\/6&#8243;][vc_column_text]La decisi\u00f3n estrat\u00e9gica de establecer, expandir o invertir desde cualquier lugar del mundo es un paso importante. L\u00f3pez &amp; James est\u00e1 aqu\u00ed para ayudarlo a identificar y aprovechar las oportunidades comerciales, reducir los riesgos y cumplir con las normas relevantes al dar ese paso. Con nuestra ayuda, su empresa concentrar\u00e1 esfuerzos en apertura de mercados, consecuci\u00f3n de clientes y ventas, as\u00ed tendr\u00e1 \u00e9xito en su estrategia latinoamericana.<\/p>\n<p>Ofrecemos nuestros servicios con los mismos altos est\u00e1ndares que esperar\u00eda de otras firmas internacionales, pero con una diferencia importante. A diferencia de algunos de los grandes grupos profesionales, nos enorgullecemos de nuestro servicio centrado en el cliente y su acceso a la gesti\u00f3n de cuentas y al asesoramiento a nivel de socios senior. L\u00f3pez &amp; James combina estos valores con un profundo conocimiento del derecho latinoamericano, los principios contables, los reg\u00edmenes fiscales y las realidades comerciales y el mercado laboral de la regi\u00f3n o destino mundial en donde est\u00e9 interesado en incursionar.[\/vc_column_text]<div class=\"ult-spacer spacer-69fb1620c73fd\" data-id=\"69fb1620c73fd\" data-height=\"40\" data-height-mobile=\"20\" data-height-tab=\"30\" data-height-tab-portrait=\"30\" data-height-mobile-landscape=\"20\" style=\"clear:both;display:block;\"><\/div>[apress_accordion gutter_space=&#8221;20&#8243; autoplay=&#8221;none&#8221; active_section=&#8221;&#8221; color_scheme=&#8221;design_your_own&#8221; active_tab_color=&#8221;#f18700&#8243; active_tab_highlight_border_height=&#8221;2&#8243; tab_icon_color=&#8221;#f18700&#8243; active_tab_icon_color=&#8221;#f18700&#8243; icon_size=&#8221;24&#8243; tab_title_color=&#8221;#666666&#8243; active_tab_title_color=&#8221;#f18700&#8243; collapsible_all=&#8221;true&#8221; style=&#8221;accordion_style8&#8243; tab_title_font_options=&#8221;font_size:18|line_height:30&#8243;][vc_tta_section title=&#8221;1. Equipos multiling\u00fces de profesionales adecuados a los servicios que desee recibir por parte de la empresa tales como abogados y contadores calificados en LATAM, EE. UU., Reino Unido, Europa y Asia&#8221; tab_id=&#8221;1596155305476-59fba633-e295&#8243;][vc_column_text el_class=&#8221;texto_acordeon_somos&#8221;]Nuestros talentosos abogados, contadores, administradores, asesores fiscales y personal de apoyo trabajar\u00e1n en sincron\u00eda con usted, apoyando en sus necesidades a sus ejecutivos, sus equipos legales internos y su funci\u00f3n financiera. Brindamos nuestros servicios a empresas y ejecutivos en idiomas ingl\u00e9s, alem\u00e1n, espa\u00f1ol y franc\u00e9s. Trabajando en colaboraci\u00f3n con sus equipos.[\/vc_column_text][\/vc_tta_section][vc_tta_section title=&#8221;2. Asesoramiento legal, contable, de contrataci\u00f3n, administrativo, migratorio, de traducciones y fiscal para ayudarle a alcanzar sus objetivos comerciales en un solo paso&#8221; tab_id=&#8221;1596155305529-7bca92ee-5e1d&#8221;][vc_column_text el_class=&#8221;texto_acordeon_somos&#8221;]Muchos desaf\u00edos comerciales requieren una combinaci\u00f3n \u00fanica de asesoramiento legal, fiscal, administrativo, de reclutamiento y contable para ayudarlo a avanzar r\u00e1pidamente con sus planes.<\/p>\n<p>Nuestras soluciones est\u00e1n dise\u00f1adas para cada situaci\u00f3n, al tiempo que invierte y desarrolla su negocio en el mercado latinoamericano. Alcance su potencial comercial con nuestras soluciones dise\u00f1adas a su medida.[\/vc_column_text][\/vc_tta_section][vc_tta_section title=&#8221;3. Hemos ayudado a varias compa\u00f1\u00edas a hacer negocios exitosamente en Am\u00e9rica Latina y otras latitudes alrededor del mundo&#8221; tab_id=&#8221;1596157824536-07615875-a098&#8243;][vc_column_text el_class=&#8221;texto_acordeon_somos&#8221;]Lopez &amp; James es la firma internacional de servicios profesionales que ayuda a las empresas a invertir y crecer en toda la regi\u00f3n de Am\u00e9rica Latina. Al trabajar con nosotros, a nuestros clientes les resulta m\u00e1s f\u00e1cil hacer negocios en esta zona \u00fanica y din\u00e1mica del mundo. Gracias a nuestro asesoramiento profesional, nuestros clientes encuentran m\u00e1s sencillo el realizar negocios en toda la regi\u00f3n.[\/vc_column_text][\/vc_tta_section][vc_tta_section title=&#8221;4. Tarifas competitivas y t\u00e9rminos flexibles&#8221; tab_id=&#8221;1596157943049-53594c06-4000&#8243;][vc_column_text el_class=&#8221;texto_acordeon_somos&#8221;]Encontrar\u00e1 que nuestros servicios tienen precios competitivos y que estructuramos nuestros compromisos de manera flexible. Eso hace que sea f\u00e1cil trabajar con nosotros y menos burocr\u00e1ticos que algunos de nuestros competidores m\u00e1s conocidos, quienes ofrecen el mismo servicio y tarifas considerablemente m\u00e1s altas. Trabajar con nosotros es un proceso m\u00e1s sencillo, f\u00e1cil y flexible que con otras empresas de servicios profesionales.[\/vc_column_text][\/vc_tta_section][vc_tta_section title=&#8221;5. Est\u00e1ndares internacionales en servicio al cliente&#8221; tab_id=&#8221;1596158000983-9d2c4ece-b484&#8243;][vc_column_text el_class=&#8221;texto_acordeon_somos&#8221;]Brindamos el m\u00e1s alto nivel de atenci\u00f3n al cliente, gesti\u00f3n de proyectos y excelencia en el servicio. Coincidimos con los est\u00e1ndares de firmas profesionales internacionales l\u00edderes en los Estados Unidos, Canad\u00e1 y Europa. Eso significa que nos comunicamos con usted claramente en su propio idioma. Respetamos su cultura, sus pol\u00edticas internas y plazos de ejecuci\u00f3n. Brindamos asesoramiento de manera clara, profesional, bajo t\u00e9rminos de cortes\u00eda y responsabilidad. Nuestros clientes valoran este nivel de servicio tanto como la calidad de nuestro asesoramiento profesional. El m\u00e1s alto nivel de atenci\u00f3n al cliente, gesti\u00f3n de proyectos y excelencia en el servicio.[\/vc_column_text][\/vc_tta_section][\/apress_accordion][\/vc_column][vc_column width=&#8221;1\/6&#8243;][\/vc_column][\/vc_row]<\/p>\n","protected":false},"excerpt":{"rendered":"<p>[vc_row full_width=&#8221;stretch_row&#8221; apress_enable_row_overlay=&#8221;&#8221; bg_type=&#8221;image&#8221; parallax_style=&#8221;vcpb-animated&#8221; bg_image_new=&#8221;id^2015|url^https:\/\/www.lopezjames.com\/wp-content\/uploads\/2020\/07\/fondo_contactoHome02.jpg|caption^null|alt^null|title^fondo_contactoHome02|description^null&#8221; css=&#8221;.vc_custom_1596146525859{margin-top: 0px !important;border-top-width: 0px !important;padding-top: 0px !important;}&#8221;][vc_column width=&#8221;1\/6&#8243;][\/vc_column][vc_column width=&#8221;2\/3&#8243;][apress_heading sub_title=&#8221;&#8221; content_alignment=&#8221;right&#8221; delimiter_line_height=&#8221;4&#8243; delimiter_line_width=&#8221;100&#8243; color_scheme=&#8221;design_your_own&#8221; main_heading_color=&#8221;#ffffff&#8221; title_google_fonts=&#8221;yes&#8221; style=&#8221;heading_style1&#8243; title_font_options=&#8221;tag:h2|font_size:50|line_height:55&#8243; subtitle_font_options=&#8221;tag:div&#8221; title_custom_fonts=&#8221;font_family:Fira%20Sans%3A300%2C300italic%2C400%2C400italic%2C500%2C500italic%2C700%2C700italic|font_style:700%20bold%20regular%3A700%3Anormal&#8221; delimiter_line_color=&#8221;#f18700&#8243;]Acerca de nosotros[\/apress_heading][\/vc_column][vc_column width=&#8221;1\/6&#8243;][\/vc_column][\/vc_row][vc_row css=&#8221;.vc_custom_1596152597241{padding-top: 60px !important;padding-bottom: 40px !important;}&#8221;][vc_column width=&#8221;1\/6&#8243;][\/vc_column][vc_column width=&#8221;2\/3&#8243;][vc_row_inner][vc_column_inner width=&#8221;1\/4&#8243;][vc_single_image image=&#8221;2062&#8243; img_size=&#8221;full&#8221;<span class=\"read_more_area\"><a class=\"read-more\" href=\"https:\/\/www.lopezjames.com\/es\/about-us\/\"> Continue Reading <\/a><\/span><\/p>\n","protected":false},"author":1,"featured_media":0,"parent":0,"menu_order":0,"comment_status":"closed","ping_status":"closed","template":"","meta":{"footnotes":""},"translation":{"provider":"WPGlobus","version":"3.0.2","language":"es","enabled_languages":["en","es"],"languages":{"en":{"title":true,"content":true,"excerpt":false},"es":{"title":true,"content":true,"excerpt":false}}},"_links":{"self":[{"href":"https:\/\/www.lopezjames.com\/es\/wp-json\/wp\/v2\/pages\/2"}],"collection":[{"href":"https:\/\/www.lopezjames.com\/es\/wp-json\/wp\/v2\/pages"}],"about":[{"href":"https:\/\/www.lopezjames.com\/es\/wp-json\/wp\/v2\/types\/page"}],"author":[{"embeddable":true,"href":"https:\/\/www.lopezjames.com\/es\/wp-json\/wp\/v2\/users\/1"}],"replies":[{"embeddable":true,"href":"https:\/\/www.lopezjames.com\/es\/wp-json\/wp\/v2\/comments?post=2"}],"version-history":[{"count":32,"href":"https:\/\/www.lopezjames.com\/es\/wp-json\/wp\/v2\/pages\/2\/revisions"}],"predecessor-version":[{"id":3118,"href":"https:\/\/www.lopezjames.com\/es\/wp-json\/wp\/v2\/pages\/2\/revisions\/3118"}],"wp:attachment":[{"href":"https:\/\/www.lopezjames.com\/es\/wp-json\/wp\/v2\/media?parent=2"}],"curies":[{"name":"wp","href":"https:\/\/api.w.org\/{rel}","templated":true}]}}